{"id":9757,"date":"2026-01-30T22:38:27","date_gmt":"2026-01-30T21:38:27","guid":{"rendered":"https:\/\/mellizos-sport.com\/?post_type=product&#038;p=9757"},"modified":"2026-01-30T22:38:28","modified_gmt":"2026-01-30T21:38:28","slug":"mangas-de-voley-voleo-elite-con-dedal-proteccion-y-confort-superior","status":"publish","type":"product","link":"https:\/\/mellizos-sport.com\/es\/product\/mangas-de-voley-voleo-elite-con-dedal-proteccion-y-confort-superior\/","title":{"rendered":"Mangas de Voley VOLEO Elite con Dedal \u2013 Protecci\u00f3n y Confort Superior"},"content":{"rendered":"<p data-path-to-node=\"6,0\"><b data-path-to-node=\"6,0\" data-index-in-node=\"0\">\u00abSeguridad y precisi\u00f3n en cada pase con la Manga VOLEO con Dedal.\u00bb<\/b><\/p>\n<p data-path-to-node=\"6,1\">La evoluci\u00f3n de la protecci\u00f3n en voley. Este modelo incorpora un <b data-path-to-node=\"6,1\" data-index-in-node=\"65\">sujetador de dedo (dedal)<\/b> que garantiza que la manga se mantenga siempre en su lugar, cubriendo perfectamente la zona de impacto. El tejido de nylon el\u00e1stico proporciona una superficie suave para un contacto m\u00e1s limpio con el bal\u00f3n, mientras que el spandex asegura que la prenda recupere su forma original tras cada uso.<\/p>\n<ul data-path-to-node=\"6,2\">\n<li>\n<p data-path-to-node=\"6,2,0,0\"><b data-path-to-node=\"6,2,0,0\" data-index-in-node=\"0\">Beneficio clave:<\/b> M\u00e1xima estabilidad y protecci\u00f3n extendida hasta la palma de la mano.<\/p>\n<\/li>\n<li>\n<p data-path-to-node=\"6,2,1,0\"><b data-path-to-node=\"6,2,1,0\" data-index-in-node=\"0\">Talles disponibles:<\/b> S, M, L.<\/p>\n<\/li>\n<\/ul>","protected":false},"excerpt":{"rendered":"<p>\u00abSeguridad y precisi\u00f3n en cada pase con la Manga VOLEO con Dedal.\u00bb La evoluci\u00f3n de la protecci\u00f3n en voley. Este modelo incorpora un sujetador de dedo (dedal) que garantiza que la manga se mantenga siempre en su lugar, cubriendo perfectamente &hellip; <a href=\"https:\/\/mellizos-sport.com\/es\/product\/mangas-de-voley-voleo-elite-con-dedal-proteccion-y-confort-superior\/\">Readmore<\/a><\/p>","protected":false},"featured_media":9777,"comment_status":"open","ping_status":"closed","template":"","meta":{"_joinchat":[]},"product_cat":[15],"product_tag":[],"class_list":{"0":"post-9757","1":"product","2":"type-product","3":"status-publish","4":"has-post-thumbnail","6":"product_cat-futbol","8":"first","9":"instock","10":"shipping-taxable","11":"product-type-variable","12":"add-to-wishlist-after_add_to_cart"},"yoast_head":"<!-- This site is optimized with the Yoast SEO Premium plugin v23.9 (Yoast SEO v23.9) - https:\/\/yoast.com\/wordpress\/plugins\/seo\/ -->\n<title>Mangas de Voley VOLEO Elite con Dedal \u2013 Protecci\u00f3n y Confort Superior - Mellizos Sport<\/title>\n<meta name=\"robots\" content=\"index, follow, max-snippet:-1, max-image-preview:large, max-video-preview:-1\" \/>\n<link rel=\"canonical\" href=\"https:\/\/mellizos-sport.com\/es\/product\/mangas-de-voley-voleo-elite-con-dedal-proteccion-y-confort-superior\/\" \/>\n<meta property=\"og:locale\" content=\"es_ES\" \/>\n<meta property=\"og:type\" content=\"article\" \/>\n<meta property=\"og:title\" content=\"Mangas de Voley VOLEO Elite con Dedal \u2013 Protecci\u00f3n y Confort Superior\" \/>\n<meta property=\"og:description\" content=\"\u00abSeguridad y precisi\u00f3n en cada pase con la Manga VOLEO con Dedal.\u00bb La evoluci\u00f3n de la protecci\u00f3n en voley. Este modelo incorpora un sujetador de dedo (dedal) que garantiza que la manga se mantenga siempre en su lugar, cubriendo perfectamente &hellip; Readmore\" \/>\n<meta property=\"og:url\" content=\"https:\/\/mellizos-sport.com\/es\/product\/mangas-de-voley-voleo-elite-con-dedal-proteccion-y-confort-superior\/\" \/>\n<meta property=\"og:site_name\" content=\"Mellizos Sport\" \/>\n<meta property=\"article:modified_time\" content=\"2026-01-30T21:38:28+00:00\" \/>\n<meta property=\"og:image\" content=\"https:\/\/mellizos-sport.com\/wp-content\/uploads\/2026\/01\/2-20.png\" \/>\n\t<meta property=\"og:image:width\" content=\"1536\" \/>\n\t<meta property=\"og:image:height\" content=\"672\" \/>\n\t<meta property=\"og:image:type\" content=\"image\/png\" \/>\n<meta name=\"twitter:card\" content=\"summary_large_image\" \/>\n<meta name=\"twitter:label1\" content=\"Est. reading time\" \/>\n\t<meta name=\"twitter:data1\" content=\"1 minuto\" \/>\n<script type=\"application\/ld+json\" class=\"yoast-schema-graph\">{\"@context\":\"https:\/\/schema.org\",\"@graph\":[{\"@type\":\"WebPage\",\"@id\":\"https:\/\/mellizos-sport.com\/producto\/mangas-de-voley-voleo-elite-con-dedal-proteccion-y-confort-superior\/\",\"url\":\"https:\/\/mellizos-sport.com\/producto\/mangas-de-voley-voleo-elite-con-dedal-proteccion-y-confort-superior\/\",\"name\":\"Mangas de Voley VOLEO Elite con Dedal \u2013 Protecci\u00f3n y Confort Superior - Mellizos Sport\",\"isPartOf\":{\"@id\":\"https:\/\/mellizos-sport.com\/#website\"},\"primaryImageOfPage\":{\"@id\":\"https:\/\/mellizos-sport.com\/producto\/mangas-de-voley-voleo-elite-con-dedal-proteccion-y-confort-superior\/#primaryimage\"},\"image\":{\"@id\":\"https:\/\/mellizos-sport.com\/producto\/mangas-de-voley-voleo-elite-con-dedal-proteccion-y-confort-superior\/#primaryimage\"},\"thumbnailUrl\":\"https:\/\/mellizos-sport.com\/wp-content\/uploads\/2026\/01\/2-20.png\",\"datePublished\":\"2026-01-30T21:38:27+00:00\",\"dateModified\":\"2026-01-30T21:38:28+00:00\",\"breadcrumb\":{\"@id\":\"https:\/\/mellizos-sport.com\/producto\/mangas-de-voley-voleo-elite-con-dedal-proteccion-y-confort-superior\/#breadcrumb\"},\"inLanguage\":\"es-PE\",\"potentialAction\":[{\"@type\":\"ReadAction\",\"target\":[\"https:\/\/mellizos-sport.com\/producto\/mangas-de-voley-voleo-elite-con-dedal-proteccion-y-confort-superior\/\"]}]},{\"@type\":\"ImageObject\",\"inLanguage\":\"es-PE\",\"@id\":\"https:\/\/mellizos-sport.com\/producto\/mangas-de-voley-voleo-elite-con-dedal-proteccion-y-confort-superior\/#primaryimage\",\"url\":\"https:\/\/mellizos-sport.com\/wp-content\/uploads\/2026\/01\/2-20.png\",\"contentUrl\":\"https:\/\/mellizos-sport.com\/wp-content\/uploads\/2026\/01\/2-20.png\",\"width\":1536,\"height\":672},{\"@type\":\"BreadcrumbList\",\"@id\":\"https:\/\/mellizos-sport.com\/producto\/mangas-de-voley-voleo-elite-con-dedal-proteccion-y-confort-superior\/#breadcrumb\",\"itemListElement\":[{\"@type\":\"ListItem\",\"position\":1,\"name\":\"Home\",\"item\":\"https:\/\/mellizos-sport.com\/\"},{\"@type\":\"ListItem\",\"position\":2,\"name\":\"Tienda\",\"item\":\"https:\/\/mellizos-sport.com\/tienda\/\"},{\"@type\":\"ListItem\",\"position\":3,\"name\":\"Mangas de Voley VOLEO Elite con Dedal \u2013 Protecci\u00f3n y Confort Superior\"}]},{\"@type\":\"WebSite\",\"@id\":\"https:\/\/mellizos-sport.com\/#website\",\"url\":\"https:\/\/mellizos-sport.com\/\",\"name\":\"Mellizos Sport\",\"description\":\"\",\"publisher\":{\"@id\":\"https:\/\/mellizos-sport.com\/#organization\"},\"potentialAction\":[{\"@type\":\"SearchAction\",\"target\":{\"@type\":\"EntryPoint\",\"urlTemplate\":\"https:\/\/mellizos-sport.com\/?s={search_term_string}\"},\"query-input\":{\"@type\":\"PropertyValueSpecification\",\"valueRequired\":true,\"valueName\":\"search_term_string\"}}],\"inLanguage\":\"es-PE\"},{\"@type\":\"Organization\",\"@id\":\"https:\/\/mellizos-sport.com\/#organization\",\"name\":\"Mellizos Sport\",\"url\":\"https:\/\/mellizos-sport.com\/\",\"logo\":{\"@type\":\"ImageObject\",\"inLanguage\":\"es-PE\",\"@id\":\"https:\/\/mellizos-sport.com\/#\/schema\/logo\/image\/\",\"url\":\"https:\/\/mellizos-sport.com\/wp-content\/uploads\/2020\/06\/logo-melleizos-sport.png\",\"contentUrl\":\"https:\/\/mellizos-sport.com\/wp-content\/uploads\/2020\/06\/logo-melleizos-sport.png\",\"width\":450,\"height\":340,\"caption\":\"Mellizos Sport\"},\"image\":{\"@id\":\"https:\/\/mellizos-sport.com\/#\/schema\/logo\/image\/\"}}]}<\/script>\n<!-- \/ Yoast SEO Premium plugin. -->","yoast_head_json":{"title":"Mangas de Voley VOLEO Elite con Dedal \u2013 Protecci\u00f3n y Confort Superior - Mellizos Sport","robots":{"index":"index","follow":"follow","max-snippet":"max-snippet:-1","max-image-preview":"max-image-preview:large","max-video-preview":"max-video-preview:-1"},"canonical":"https:\/\/mellizos-sport.com\/es\/product\/mangas-de-voley-voleo-elite-con-dedal-proteccion-y-confort-superior\/","og_locale":"es_ES","og_type":"article","og_title":"Mangas de Voley VOLEO Elite con Dedal \u2013 Protecci\u00f3n y Confort Superior","og_description":"\u00abSeguridad y precisi\u00f3n en cada pase con la Manga VOLEO con Dedal.\u00bb La evoluci\u00f3n de la protecci\u00f3n en voley. Este modelo incorpora un sujetador de dedo (dedal) que garantiza que la manga se mantenga siempre en su lugar, cubriendo perfectamente &hellip; Readmore","og_url":"https:\/\/mellizos-sport.com\/es\/product\/mangas-de-voley-voleo-elite-con-dedal-proteccion-y-confort-superior\/","og_site_name":"Mellizos Sport","article_modified_time":"2026-01-30T21:38:28+00:00","og_image":[{"width":1536,"height":672,"url":"https:\/\/mellizos-sport.com\/wp-content\/uploads\/2026\/01\/2-20.png","type":"image\/png"}],"twitter_card":"summary_large_image","twitter_misc":{"Est. reading time":"1 minuto"},"schema":{"@context":"https:\/\/schema.org","@graph":[{"@type":"WebPage","@id":"https:\/\/mellizos-sport.com\/producto\/mangas-de-voley-voleo-elite-con-dedal-proteccion-y-confort-superior\/","url":"https:\/\/mellizos-sport.com\/producto\/mangas-de-voley-voleo-elite-con-dedal-proteccion-y-confort-superior\/","name":"Mangas de Voley VOLEO Elite con Dedal \u2013 Protecci\u00f3n y Confort Superior - Mellizos Sport","isPartOf":{"@id":"https:\/\/mellizos-sport.com\/#website"},"primaryImageOfPage":{"@id":"https:\/\/mellizos-sport.com\/producto\/mangas-de-voley-voleo-elite-con-dedal-proteccion-y-confort-superior\/#primaryimage"},"image":{"@id":"https:\/\/mellizos-sport.com\/producto\/mangas-de-voley-voleo-elite-con-dedal-proteccion-y-confort-superior\/#primaryimage"},"thumbnailUrl":"https:\/\/mellizos-sport.com\/wp-content\/uploads\/2026\/01\/2-20.png","datePublished":"2026-01-30T21:38:27+00:00","dateModified":"2026-01-30T21:38:28+00:00","breadcrumb":{"@id":"https:\/\/mellizos-sport.com\/producto\/mangas-de-voley-voleo-elite-con-dedal-proteccion-y-confort-superior\/#breadcrumb"},"inLanguage":"es-PE","potentialAction":[{"@type":"ReadAction","target":["https:\/\/mellizos-sport.com\/producto\/mangas-de-voley-voleo-elite-con-dedal-proteccion-y-confort-superior\/"]}]},{"@type":"ImageObject","inLanguage":"es-PE","@id":"https:\/\/mellizos-sport.com\/producto\/mangas-de-voley-voleo-elite-con-dedal-proteccion-y-confort-superior\/#primaryimage","url":"https:\/\/mellizos-sport.com\/wp-content\/uploads\/2026\/01\/2-20.png","contentUrl":"https:\/\/mellizos-sport.com\/wp-content\/uploads\/2026\/01\/2-20.png","width":1536,"height":672},{"@type":"BreadcrumbList","@id":"https:\/\/mellizos-sport.com\/producto\/mangas-de-voley-voleo-elite-con-dedal-proteccion-y-confort-superior\/#breadcrumb","itemListElement":[{"@type":"ListItem","position":1,"name":"Home","item":"https:\/\/mellizos-sport.com\/"},{"@type":"ListItem","position":2,"name":"Tienda","item":"https:\/\/mellizos-sport.com\/tienda\/"},{"@type":"ListItem","position":3,"name":"Mangas de Voley VOLEO Elite con Dedal \u2013 Protecci\u00f3n y Confort Superior"}]},{"@type":"WebSite","@id":"https:\/\/mellizos-sport.com\/#website","url":"https:\/\/mellizos-sport.com\/","name":"Mellizos Sport","description":"","publisher":{"@id":"https:\/\/mellizos-sport.com\/#organization"},"potentialAction":[{"@type":"SearchAction","target":{"@type":"EntryPoint","urlTemplate":"https:\/\/mellizos-sport.com\/?s={search_term_string}"},"query-input":{"@type":"PropertyValueSpecification","valueRequired":true,"valueName":"search_term_string"}}],"inLanguage":"es-PE"},{"@type":"Organization","@id":"https:\/\/mellizos-sport.com\/#organization","name":"Mellizos Sport","url":"https:\/\/mellizos-sport.com\/","logo":{"@type":"ImageObject","inLanguage":"es-PE","@id":"https:\/\/mellizos-sport.com\/#\/schema\/logo\/image\/","url":"https:\/\/mellizos-sport.com\/wp-content\/uploads\/2020\/06\/logo-melleizos-sport.png","contentUrl":"https:\/\/mellizos-sport.com\/wp-content\/uploads\/2020\/06\/logo-melleizos-sport.png","width":450,"height":340,"caption":"Mellizos Sport"},"image":{"@id":"https:\/\/mellizos-sport.com\/#\/schema\/logo\/image\/"}}]}},"_links":{"self":[{"href":"https:\/\/mellizos-sport.com\/es\/wp-json\/wp\/v2\/product\/9757","targetHints":{"allow":["GET"]}}],"collection":[{"href":"https:\/\/mellizos-sport.com\/es\/wp-json\/wp\/v2\/product"}],"about":[{"href":"https:\/\/mellizos-sport.com\/es\/wp-json\/wp\/v2\/types\/product"}],"replies":[{"embeddable":true,"href":"https:\/\/mellizos-sport.com\/es\/wp-json\/wp\/v2\/comments?post=9757"}],"wp:featuredmedia":[{"embeddable":true,"href":"https:\/\/mellizos-sport.com\/es\/wp-json\/wp\/v2\/media\/9777"}],"wp:attachment":[{"href":"https:\/\/mellizos-sport.com\/es\/wp-json\/wp\/v2\/media?parent=9757"}],"wp:term":[{"taxonomy":"product_cat","embeddable":true,"href":"https:\/\/mellizos-sport.com\/es\/wp-json\/wp\/v2\/product_cat?post=9757"},{"taxonomy":"product_tag","embeddable":true,"href":"https:\/\/mellizos-sport.com\/es\/wp-json\/wp\/v2\/product_tag?post=9757"}],"curies":[{"name":"wp","href":"https:\/\/api.w.org\/{rel}","templated":true}]}}