{"id":9806,"date":"2026-01-30T22:53:38","date_gmt":"2026-01-30T21:53:38","guid":{"rendered":"https:\/\/mellizos-sport.com\/?post_type=product&#038;p=9806"},"modified":"2026-01-30T22:53:40","modified_gmt":"2026-01-30T21:53:40","slug":"soporte-para-dedos-winner-dediles-de-proteccion-para-voley-y-basquet","status":"publish","type":"product","link":"https:\/\/mellizos-sport.com\/es\/product\/soporte-para-dedos-winner-dediles-de-proteccion-para-voley-y-basquet\/","title":{"rendered":"Soporte para Dedos Winner | Dediles de Protecci\u00f3n para V\u00f3ley y B\u00e1squet"},"content":{"rendered":"<p data-path-to-node=\"3,0\"><b data-path-to-node=\"3,0\" data-index-in-node=\"0\">Soporte de Dedos Winner: Estabilidad y Protecci\u00f3n Profesional<\/b><\/p>\n<p data-path-to-node=\"3,1\">Dise\u00f1ados para brindar un soporte firme sin limitar la agilidad necesaria en el juego. Los dediles Winner son la soluci\u00f3n ideal para proteger articulaciones d\u00e9biles, prevenir luxaciones o ayudar en la recuperaci\u00f3n de esguinces leves.<\/p>\n<ul data-path-to-node=\"3,2\">\n<li>\n<p data-path-to-node=\"3,2,0,0\"><b data-path-to-node=\"3,2,0,0\" data-index-in-node=\"0\">Soporte El\u00e1stico:<\/b> Brinda una compresi\u00f3n uniforme que estabiliza las falanges.<\/p>\n<\/li>\n<li>\n<p data-path-to-node=\"3,2,1,0\"><b data-path-to-node=\"3,2,1,0\" data-index-in-node=\"0\">Dise\u00f1o Anat\u00f3mico:<\/b> Se adaptan a cualquier tama\u00f1o de dedo, ofreciendo un ajuste c\u00f3modo y seguro.<\/p>\n<\/li>\n<li>\n<p data-path-to-node=\"3,2,2,0\"><b data-path-to-node=\"3,2,2,0\" data-index-in-node=\"0\">Protecci\u00f3n contra Impactos:<\/b> Amortigua el choque del bal\u00f3n en voleibol, b\u00e1squetbol y otros deportes de contacto.<\/p>\n<\/li>\n<li>\n<p data-path-to-node=\"3,2,3,0\"><b data-path-to-node=\"3,2,3,0\" data-index-in-node=\"0\">Tejido Transpirable:<\/b> Mezcla de fibras que evita la acumulaci\u00f3n de sudor, manteniendo un buen agarre.<\/p>\n<\/li>\n<\/ul>","protected":false},"excerpt":{"rendered":"<p>Soporte de Dedos Winner: Estabilidad y Protecci\u00f3n Profesional Dise\u00f1ados para brindar un soporte firme sin limitar la agilidad necesaria en el juego. Los dediles Winner son la soluci\u00f3n ideal para proteger articulaciones d\u00e9biles, prevenir luxaciones o ayudar en la recuperaci\u00f3n &hellip; <a href=\"https:\/\/mellizos-sport.com\/es\/product\/soporte-para-dedos-winner-dediles-de-proteccion-para-voley-y-basquet\/\">Readmore<\/a><\/p>","protected":false},"featured_media":9799,"comment_status":"open","ping_status":"closed","template":"","meta":{"_joinchat":[]},"product_cat":[140,137,65,64],"product_tag":[],"class_list":{"0":"post-9806","1":"product","2":"type-product","3":"status-publish","4":"has-post-thumbnail","6":"product_cat-accesorios-basquet","7":"product_cat-accesorios-voley","8":"product_cat-basquet","9":"product_cat-voley","11":"first","12":"instock","13":"shipping-taxable","14":"product-type-simple","15":"add-to-wishlist-after_add_to_cart"},"yoast_head":"<!-- This site is optimized with the Yoast SEO Premium plugin v23.9 (Yoast SEO v23.9) - https:\/\/yoast.com\/wordpress\/plugins\/seo\/ -->\n<title>Soporte para Dedos Winner | Dediles de Protecci\u00f3n para V\u00f3ley y B\u00e1squet - Mellizos Sport<\/title>\n<meta name=\"robots\" content=\"index, follow, max-snippet:-1, max-image-preview:large, max-video-preview:-1\" \/>\n<link rel=\"canonical\" href=\"https:\/\/mellizos-sport.com\/es\/product\/soporte-para-dedos-winner-dediles-de-proteccion-para-voley-y-basquet\/\" \/>\n<meta property=\"og:locale\" content=\"es_ES\" \/>\n<meta property=\"og:type\" content=\"article\" \/>\n<meta property=\"og:title\" content=\"Soporte para Dedos Winner | Dediles de Protecci\u00f3n para V\u00f3ley y B\u00e1squet\" \/>\n<meta property=\"og:description\" content=\"Soporte de Dedos Winner: Estabilidad y Protecci\u00f3n Profesional Dise\u00f1ados para brindar un soporte firme sin limitar la agilidad necesaria en el juego. Los dediles Winner son la soluci\u00f3n ideal para proteger articulaciones d\u00e9biles, prevenir luxaciones o ayudar en la recuperaci\u00f3n &hellip; Readmore\" \/>\n<meta property=\"og:url\" content=\"https:\/\/mellizos-sport.com\/es\/product\/soporte-para-dedos-winner-dediles-de-proteccion-para-voley-y-basquet\/\" \/>\n<meta property=\"og:site_name\" content=\"Mellizos Sport\" \/>\n<meta property=\"article:modified_time\" content=\"2026-01-30T21:53:40+00:00\" \/>\n<meta property=\"og:image\" content=\"https:\/\/mellizos-sport.com\/wp-content\/uploads\/2026\/01\/7.jpeg\" \/>\n\t<meta property=\"og:image:width\" content=\"500\" \/>\n\t<meta property=\"og:image:height\" content=\"500\" \/>\n\t<meta property=\"og:image:type\" content=\"image\/jpeg\" \/>\n<meta name=\"twitter:card\" content=\"summary_large_image\" \/>\n<meta name=\"twitter:label1\" content=\"Est. reading time\" \/>\n\t<meta name=\"twitter:data1\" content=\"1 minuto\" \/>\n<script type=\"application\/ld+json\" class=\"yoast-schema-graph\">{\"@context\":\"https:\/\/schema.org\",\"@graph\":[{\"@type\":\"WebPage\",\"@id\":\"https:\/\/mellizos-sport.com\/producto\/soporte-para-dedos-winner-dediles-de-proteccion-para-voley-y-basquet\/\",\"url\":\"https:\/\/mellizos-sport.com\/producto\/soporte-para-dedos-winner-dediles-de-proteccion-para-voley-y-basquet\/\",\"name\":\"Soporte para Dedos Winner | Dediles de Protecci\u00f3n para V\u00f3ley y B\u00e1squet - Mellizos Sport\",\"isPartOf\":{\"@id\":\"https:\/\/mellizos-sport.com\/#website\"},\"primaryImageOfPage\":{\"@id\":\"https:\/\/mellizos-sport.com\/producto\/soporte-para-dedos-winner-dediles-de-proteccion-para-voley-y-basquet\/#primaryimage\"},\"image\":{\"@id\":\"https:\/\/mellizos-sport.com\/producto\/soporte-para-dedos-winner-dediles-de-proteccion-para-voley-y-basquet\/#primaryimage\"},\"thumbnailUrl\":\"https:\/\/mellizos-sport.com\/wp-content\/uploads\/2026\/01\/7.jpeg\",\"datePublished\":\"2026-01-30T21:53:38+00:00\",\"dateModified\":\"2026-01-30T21:53:40+00:00\",\"breadcrumb\":{\"@id\":\"https:\/\/mellizos-sport.com\/producto\/soporte-para-dedos-winner-dediles-de-proteccion-para-voley-y-basquet\/#breadcrumb\"},\"inLanguage\":\"es-PE\",\"potentialAction\":[{\"@type\":\"ReadAction\",\"target\":[\"https:\/\/mellizos-sport.com\/producto\/soporte-para-dedos-winner-dediles-de-proteccion-para-voley-y-basquet\/\"]}]},{\"@type\":\"ImageObject\",\"inLanguage\":\"es-PE\",\"@id\":\"https:\/\/mellizos-sport.com\/producto\/soporte-para-dedos-winner-dediles-de-proteccion-para-voley-y-basquet\/#primaryimage\",\"url\":\"https:\/\/mellizos-sport.com\/wp-content\/uploads\/2026\/01\/7.jpeg\",\"contentUrl\":\"https:\/\/mellizos-sport.com\/wp-content\/uploads\/2026\/01\/7.jpeg\",\"width\":500,\"height\":500},{\"@type\":\"BreadcrumbList\",\"@id\":\"https:\/\/mellizos-sport.com\/producto\/soporte-para-dedos-winner-dediles-de-proteccion-para-voley-y-basquet\/#breadcrumb\",\"itemListElement\":[{\"@type\":\"ListItem\",\"position\":1,\"name\":\"Home\",\"item\":\"https:\/\/mellizos-sport.com\/\"},{\"@type\":\"ListItem\",\"position\":2,\"name\":\"Tienda\",\"item\":\"https:\/\/mellizos-sport.com\/tienda\/\"},{\"@type\":\"ListItem\",\"position\":3,\"name\":\"Soporte para Dedos Winner | Dediles de Protecci\u00f3n para V\u00f3ley y B\u00e1squet\"}]},{\"@type\":\"WebSite\",\"@id\":\"https:\/\/mellizos-sport.com\/#website\",\"url\":\"https:\/\/mellizos-sport.com\/\",\"name\":\"Mellizos Sport\",\"description\":\"\",\"publisher\":{\"@id\":\"https:\/\/mellizos-sport.com\/#organization\"},\"potentialAction\":[{\"@type\":\"SearchAction\",\"target\":{\"@type\":\"EntryPoint\",\"urlTemplate\":\"https:\/\/mellizos-sport.com\/?s={search_term_string}\"},\"query-input\":{\"@type\":\"PropertyValueSpecification\",\"valueRequired\":true,\"valueName\":\"search_term_string\"}}],\"inLanguage\":\"es-PE\"},{\"@type\":\"Organization\",\"@id\":\"https:\/\/mellizos-sport.com\/#organization\",\"name\":\"Mellizos Sport\",\"url\":\"https:\/\/mellizos-sport.com\/\",\"logo\":{\"@type\":\"ImageObject\",\"inLanguage\":\"es-PE\",\"@id\":\"https:\/\/mellizos-sport.com\/#\/schema\/logo\/image\/\",\"url\":\"https:\/\/mellizos-sport.com\/wp-content\/uploads\/2020\/06\/logo-melleizos-sport.png\",\"contentUrl\":\"https:\/\/mellizos-sport.com\/wp-content\/uploads\/2020\/06\/logo-melleizos-sport.png\",\"width\":450,\"height\":340,\"caption\":\"Mellizos Sport\"},\"image\":{\"@id\":\"https:\/\/mellizos-sport.com\/#\/schema\/logo\/image\/\"}}]}<\/script>\n<!-- \/ Yoast SEO Premium plugin. -->","yoast_head_json":{"title":"Soporte para Dedos Winner | Dediles de Protecci\u00f3n para V\u00f3ley y B\u00e1squet - Mellizos Sport","robots":{"index":"index","follow":"follow","max-snippet":"max-snippet:-1","max-image-preview":"max-image-preview:large","max-video-preview":"max-video-preview:-1"},"canonical":"https:\/\/mellizos-sport.com\/es\/product\/soporte-para-dedos-winner-dediles-de-proteccion-para-voley-y-basquet\/","og_locale":"es_ES","og_type":"article","og_title":"Soporte para Dedos Winner | Dediles de Protecci\u00f3n para V\u00f3ley y B\u00e1squet","og_description":"Soporte de Dedos Winner: Estabilidad y Protecci\u00f3n Profesional Dise\u00f1ados para brindar un soporte firme sin limitar la agilidad necesaria en el juego. Los dediles Winner son la soluci\u00f3n ideal para proteger articulaciones d\u00e9biles, prevenir luxaciones o ayudar en la recuperaci\u00f3n &hellip; Readmore","og_url":"https:\/\/mellizos-sport.com\/es\/product\/soporte-para-dedos-winner-dediles-de-proteccion-para-voley-y-basquet\/","og_site_name":"Mellizos Sport","article_modified_time":"2026-01-30T21:53:40+00:00","og_image":[{"width":500,"height":500,"url":"https:\/\/mellizos-sport.com\/wp-content\/uploads\/2026\/01\/7.jpeg","type":"image\/jpeg"}],"twitter_card":"summary_large_image","twitter_misc":{"Est. reading time":"1 minuto"},"schema":{"@context":"https:\/\/schema.org","@graph":[{"@type":"WebPage","@id":"https:\/\/mellizos-sport.com\/producto\/soporte-para-dedos-winner-dediles-de-proteccion-para-voley-y-basquet\/","url":"https:\/\/mellizos-sport.com\/producto\/soporte-para-dedos-winner-dediles-de-proteccion-para-voley-y-basquet\/","name":"Soporte para Dedos Winner | Dediles de Protecci\u00f3n para V\u00f3ley y B\u00e1squet - Mellizos Sport","isPartOf":{"@id":"https:\/\/mellizos-sport.com\/#website"},"primaryImageOfPage":{"@id":"https:\/\/mellizos-sport.com\/producto\/soporte-para-dedos-winner-dediles-de-proteccion-para-voley-y-basquet\/#primaryimage"},"image":{"@id":"https:\/\/mellizos-sport.com\/producto\/soporte-para-dedos-winner-dediles-de-proteccion-para-voley-y-basquet\/#primaryimage"},"thumbnailUrl":"https:\/\/mellizos-sport.com\/wp-content\/uploads\/2026\/01\/7.jpeg","datePublished":"2026-01-30T21:53:38+00:00","dateModified":"2026-01-30T21:53:40+00:00","breadcrumb":{"@id":"https:\/\/mellizos-sport.com\/producto\/soporte-para-dedos-winner-dediles-de-proteccion-para-voley-y-basquet\/#breadcrumb"},"inLanguage":"es-PE","potentialAction":[{"@type":"ReadAction","target":["https:\/\/mellizos-sport.com\/producto\/soporte-para-dedos-winner-dediles-de-proteccion-para-voley-y-basquet\/"]}]},{"@type":"ImageObject","inLanguage":"es-PE","@id":"https:\/\/mellizos-sport.com\/producto\/soporte-para-dedos-winner-dediles-de-proteccion-para-voley-y-basquet\/#primaryimage","url":"https:\/\/mellizos-sport.com\/wp-content\/uploads\/2026\/01\/7.jpeg","contentUrl":"https:\/\/mellizos-sport.com\/wp-content\/uploads\/2026\/01\/7.jpeg","width":500,"height":500},{"@type":"BreadcrumbList","@id":"https:\/\/mellizos-sport.com\/producto\/soporte-para-dedos-winner-dediles-de-proteccion-para-voley-y-basquet\/#breadcrumb","itemListElement":[{"@type":"ListItem","position":1,"name":"Home","item":"https:\/\/mellizos-sport.com\/"},{"@type":"ListItem","position":2,"name":"Tienda","item":"https:\/\/mellizos-sport.com\/tienda\/"},{"@type":"ListItem","position":3,"name":"Soporte para Dedos Winner | Dediles de Protecci\u00f3n para V\u00f3ley y B\u00e1squet"}]},{"@type":"WebSite","@id":"https:\/\/mellizos-sport.com\/#website","url":"https:\/\/mellizos-sport.com\/","name":"Mellizos Sport","description":"","publisher":{"@id":"https:\/\/mellizos-sport.com\/#organization"},"potentialAction":[{"@type":"SearchAction","target":{"@type":"EntryPoint","urlTemplate":"https:\/\/mellizos-sport.com\/?s={search_term_string}"},"query-input":{"@type":"PropertyValueSpecification","valueRequired":true,"valueName":"search_term_string"}}],"inLanguage":"es-PE"},{"@type":"Organization","@id":"https:\/\/mellizos-sport.com\/#organization","name":"Mellizos Sport","url":"https:\/\/mellizos-sport.com\/","logo":{"@type":"ImageObject","inLanguage":"es-PE","@id":"https:\/\/mellizos-sport.com\/#\/schema\/logo\/image\/","url":"https:\/\/mellizos-sport.com\/wp-content\/uploads\/2020\/06\/logo-melleizos-sport.png","contentUrl":"https:\/\/mellizos-sport.com\/wp-content\/uploads\/2020\/06\/logo-melleizos-sport.png","width":450,"height":340,"caption":"Mellizos Sport"},"image":{"@id":"https:\/\/mellizos-sport.com\/#\/schema\/logo\/image\/"}}]}},"_links":{"self":[{"href":"https:\/\/mellizos-sport.com\/es\/wp-json\/wp\/v2\/product\/9806","targetHints":{"allow":["GET"]}}],"collection":[{"href":"https:\/\/mellizos-sport.com\/es\/wp-json\/wp\/v2\/product"}],"about":[{"href":"https:\/\/mellizos-sport.com\/es\/wp-json\/wp\/v2\/types\/product"}],"replies":[{"embeddable":true,"href":"https:\/\/mellizos-sport.com\/es\/wp-json\/wp\/v2\/comments?post=9806"}],"wp:featuredmedia":[{"embeddable":true,"href":"https:\/\/mellizos-sport.com\/es\/wp-json\/wp\/v2\/media\/9799"}],"wp:attachment":[{"href":"https:\/\/mellizos-sport.com\/es\/wp-json\/wp\/v2\/media?parent=9806"}],"wp:term":[{"taxonomy":"product_cat","embeddable":true,"href":"https:\/\/mellizos-sport.com\/es\/wp-json\/wp\/v2\/product_cat?post=9806"},{"taxonomy":"product_tag","embeddable":true,"href":"https:\/\/mellizos-sport.com\/es\/wp-json\/wp\/v2\/product_tag?post=9806"}],"curies":[{"name":"wp","href":"https:\/\/api.w.org\/{rel}","templated":true}]}}