{"id":9812,"date":"2026-01-30T22:59:13","date_gmt":"2026-01-30T21:59:13","guid":{"rendered":"https:\/\/mellizos-sport.com\/?post_type=product&#038;p=9812"},"modified":"2026-01-30T22:59:15","modified_gmt":"2026-01-30T21:59:15","slug":"spikepro-cuerda-de-entrenamiento-tecnico-para-voleibol","status":"publish","type":"product","link":"https:\/\/mellizos-sport.com\/es\/product\/spikepro-cuerda-de-entrenamiento-tecnico-para-voleibol\/","title":{"rendered":"SpikePro: Cuerda de Entrenamiento T\u00e9cnico para Voleibol"},"content":{"rendered":"<h3 data-path-to-node=\"4\"><b data-path-to-node=\"4\" data-index-in-node=\"0\">Lleva tu remate al siguiente nivel sin necesidad de un pasador<\/b><\/h3>\n<p data-path-to-node=\"5\">\u00bfCansado de perseguir el bal\u00f3n despu\u00e9s de cada golpe? El <b data-path-to-node=\"5\" data-index-in-node=\"57\">SpikePro<\/b> es la herramienta definitiva dise\u00f1ada para jugadores que buscan perfeccionar su mec\u00e1nica de ataque, potencia y punto de contacto de forma aut\u00f3noma.<\/p>\n<h3 data-path-to-node=\"6\"><b data-path-to-node=\"6\" data-index-in-node=\"0\">\u00bfPor qu\u00e9 elegir nuestro sistema?<\/b><\/h3>\n<ul data-path-to-node=\"7\">\n<li>\n<p data-path-to-node=\"7,0,0\"><b data-path-to-node=\"7,0,0\" data-index-in-node=\"0\">Mec\u00e1nica de Golpeo Perfecta:<\/b> Mantiene el bal\u00f3n en la posici\u00f3n ideal para que te concentres al 100% en la rotaci\u00f3n de tu brazo y el quiebre de mu\u00f1eca.<\/p>\n<\/li>\n<li>\n<p data-path-to-node=\"7,1,0\"><b data-path-to-node=\"7,1,0\" data-index-in-node=\"0\">Entrenamiento de Alta Repetici\u00f3n:<\/b> Realiza cientos de remates en minutos. Menos tiempo recogiendo balones significa m\u00e1s tiempo mejorando tu memoria muscular.<\/p>\n<\/li>\n<li>\n<p data-path-to-node=\"7,2,0\"><b data-path-to-node=\"7,2,0\" data-index-in-node=\"0\">Ajuste Universal:<\/b> Gracias a su sistema el\u00e1stico de alta resistencia, se adapta a cualquier altura y tipo de soporte (canastas de b\u00e1squet, postes, vigas o ramas).<\/p>\n<\/li>\n<li>\n<p data-path-to-node=\"7,3,0\"><b data-path-to-node=\"7,3,0\" data-index-in-node=\"0\">Port\u00e1til y Ligero:<\/b> Ll\u00e9valo en tu mochila y entrena en el parque, el gimnasio o el patio de tu casa.<\/p>\n<\/li>\n<\/ul>","protected":false},"excerpt":{"rendered":"<p>Lleva tu remate al siguiente nivel sin necesidad de un pasador \u00bfCansado de perseguir el bal\u00f3n despu\u00e9s de cada golpe? El SpikePro es la herramienta definitiva dise\u00f1ada para jugadores que buscan perfeccionar su mec\u00e1nica de ataque, potencia y punto de &hellip; <a href=\"https:\/\/mellizos-sport.com\/es\/product\/spikepro-cuerda-de-entrenamiento-tecnico-para-voleibol\/\">Readmore<\/a><\/p>","protected":false},"featured_media":9796,"comment_status":"open","ping_status":"closed","template":"","meta":{"_joinchat":[]},"product_cat":[15],"product_tag":[],"class_list":{"0":"post-9812","1":"product","2":"type-product","3":"status-publish","4":"has-post-thumbnail","6":"product_cat-futbol","8":"first","9":"instock","10":"shipping-taxable","11":"product-type-simple","12":"add-to-wishlist-after_add_to_cart"},"yoast_head":"<!-- This site is optimized with the Yoast SEO Premium plugin v23.9 (Yoast SEO v23.9) - https:\/\/yoast.com\/wordpress\/plugins\/seo\/ -->\n<title>SpikePro: Cuerda de Entrenamiento T\u00e9cnico para Voleibol - Mellizos Sport<\/title>\n<meta name=\"robots\" content=\"index, follow, max-snippet:-1, max-image-preview:large, max-video-preview:-1\" \/>\n<link rel=\"canonical\" href=\"https:\/\/mellizos-sport.com\/es\/product\/spikepro-cuerda-de-entrenamiento-tecnico-para-voleibol\/\" \/>\n<meta property=\"og:locale\" content=\"es_ES\" \/>\n<meta property=\"og:type\" content=\"article\" \/>\n<meta property=\"og:title\" content=\"SpikePro: Cuerda de Entrenamiento T\u00e9cnico para Voleibol\" \/>\n<meta property=\"og:description\" content=\"Lleva tu remate al siguiente nivel sin necesidad de un pasador \u00bfCansado de perseguir el bal\u00f3n despu\u00e9s de cada golpe? El SpikePro es la herramienta definitiva dise\u00f1ada para jugadores que buscan perfeccionar su mec\u00e1nica de ataque, potencia y punto de &hellip; Readmore\" \/>\n<meta property=\"og:url\" content=\"https:\/\/mellizos-sport.com\/es\/product\/spikepro-cuerda-de-entrenamiento-tecnico-para-voleibol\/\" \/>\n<meta property=\"og:site_name\" content=\"Mellizos Sport\" \/>\n<meta property=\"article:modified_time\" content=\"2026-01-30T21:59:15+00:00\" \/>\n<meta property=\"og:image\" content=\"https:\/\/mellizos-sport.com\/wp-content\/uploads\/2026\/01\/10.jpeg\" \/>\n\t<meta property=\"og:image:width\" content=\"554\" \/>\n\t<meta property=\"og:image:height\" content=\"554\" \/>\n\t<meta property=\"og:image:type\" content=\"image\/jpeg\" \/>\n<meta name=\"twitter:card\" content=\"summary_large_image\" \/>\n<meta name=\"twitter:label1\" content=\"Est. reading time\" \/>\n\t<meta name=\"twitter:data1\" content=\"1 minuto\" \/>\n<script type=\"application\/ld+json\" class=\"yoast-schema-graph\">{\"@context\":\"https:\/\/schema.org\",\"@graph\":[{\"@type\":\"WebPage\",\"@id\":\"https:\/\/mellizos-sport.com\/producto\/spikepro-cuerda-de-entrenamiento-tecnico-para-voleibol\/\",\"url\":\"https:\/\/mellizos-sport.com\/producto\/spikepro-cuerda-de-entrenamiento-tecnico-para-voleibol\/\",\"name\":\"SpikePro: Cuerda de Entrenamiento T\u00e9cnico para Voleibol - Mellizos Sport\",\"isPartOf\":{\"@id\":\"https:\/\/mellizos-sport.com\/#website\"},\"primaryImageOfPage\":{\"@id\":\"https:\/\/mellizos-sport.com\/producto\/spikepro-cuerda-de-entrenamiento-tecnico-para-voleibol\/#primaryimage\"},\"image\":{\"@id\":\"https:\/\/mellizos-sport.com\/producto\/spikepro-cuerda-de-entrenamiento-tecnico-para-voleibol\/#primaryimage\"},\"thumbnailUrl\":\"https:\/\/mellizos-sport.com\/wp-content\/uploads\/2026\/01\/10.jpeg\",\"datePublished\":\"2026-01-30T21:59:13+00:00\",\"dateModified\":\"2026-01-30T21:59:15+00:00\",\"breadcrumb\":{\"@id\":\"https:\/\/mellizos-sport.com\/producto\/spikepro-cuerda-de-entrenamiento-tecnico-para-voleibol\/#breadcrumb\"},\"inLanguage\":\"es-PE\",\"potentialAction\":[{\"@type\":\"ReadAction\",\"target\":[\"https:\/\/mellizos-sport.com\/producto\/spikepro-cuerda-de-entrenamiento-tecnico-para-voleibol\/\"]}]},{\"@type\":\"ImageObject\",\"inLanguage\":\"es-PE\",\"@id\":\"https:\/\/mellizos-sport.com\/producto\/spikepro-cuerda-de-entrenamiento-tecnico-para-voleibol\/#primaryimage\",\"url\":\"https:\/\/mellizos-sport.com\/wp-content\/uploads\/2026\/01\/10.jpeg\",\"contentUrl\":\"https:\/\/mellizos-sport.com\/wp-content\/uploads\/2026\/01\/10.jpeg\",\"width\":554,\"height\":554},{\"@type\":\"BreadcrumbList\",\"@id\":\"https:\/\/mellizos-sport.com\/producto\/spikepro-cuerda-de-entrenamiento-tecnico-para-voleibol\/#breadcrumb\",\"itemListElement\":[{\"@type\":\"ListItem\",\"position\":1,\"name\":\"Home\",\"item\":\"https:\/\/mellizos-sport.com\/\"},{\"@type\":\"ListItem\",\"position\":2,\"name\":\"Tienda\",\"item\":\"https:\/\/mellizos-sport.com\/tienda\/\"},{\"@type\":\"ListItem\",\"position\":3,\"name\":\"SpikePro: Cuerda de Entrenamiento T\u00e9cnico para Voleibol\"}]},{\"@type\":\"WebSite\",\"@id\":\"https:\/\/mellizos-sport.com\/#website\",\"url\":\"https:\/\/mellizos-sport.com\/\",\"name\":\"Mellizos Sport\",\"description\":\"\",\"publisher\":{\"@id\":\"https:\/\/mellizos-sport.com\/#organization\"},\"potentialAction\":[{\"@type\":\"SearchAction\",\"target\":{\"@type\":\"EntryPoint\",\"urlTemplate\":\"https:\/\/mellizos-sport.com\/?s={search_term_string}\"},\"query-input\":{\"@type\":\"PropertyValueSpecification\",\"valueRequired\":true,\"valueName\":\"search_term_string\"}}],\"inLanguage\":\"es-PE\"},{\"@type\":\"Organization\",\"@id\":\"https:\/\/mellizos-sport.com\/#organization\",\"name\":\"Mellizos Sport\",\"url\":\"https:\/\/mellizos-sport.com\/\",\"logo\":{\"@type\":\"ImageObject\",\"inLanguage\":\"es-PE\",\"@id\":\"https:\/\/mellizos-sport.com\/#\/schema\/logo\/image\/\",\"url\":\"https:\/\/mellizos-sport.com\/wp-content\/uploads\/2020\/06\/logo-melleizos-sport.png\",\"contentUrl\":\"https:\/\/mellizos-sport.com\/wp-content\/uploads\/2020\/06\/logo-melleizos-sport.png\",\"width\":450,\"height\":340,\"caption\":\"Mellizos Sport\"},\"image\":{\"@id\":\"https:\/\/mellizos-sport.com\/#\/schema\/logo\/image\/\"}}]}<\/script>\n<!-- \/ Yoast SEO Premium plugin. -->","yoast_head_json":{"title":"SpikePro: Cuerda de Entrenamiento T\u00e9cnico para Voleibol - Mellizos Sport","robots":{"index":"index","follow":"follow","max-snippet":"max-snippet:-1","max-image-preview":"max-image-preview:large","max-video-preview":"max-video-preview:-1"},"canonical":"https:\/\/mellizos-sport.com\/es\/product\/spikepro-cuerda-de-entrenamiento-tecnico-para-voleibol\/","og_locale":"es_ES","og_type":"article","og_title":"SpikePro: Cuerda de Entrenamiento T\u00e9cnico para Voleibol","og_description":"Lleva tu remate al siguiente nivel sin necesidad de un pasador \u00bfCansado de perseguir el bal\u00f3n despu\u00e9s de cada golpe? El SpikePro es la herramienta definitiva dise\u00f1ada para jugadores que buscan perfeccionar su mec\u00e1nica de ataque, potencia y punto de &hellip; Readmore","og_url":"https:\/\/mellizos-sport.com\/es\/product\/spikepro-cuerda-de-entrenamiento-tecnico-para-voleibol\/","og_site_name":"Mellizos Sport","article_modified_time":"2026-01-30T21:59:15+00:00","og_image":[{"width":554,"height":554,"url":"https:\/\/mellizos-sport.com\/wp-content\/uploads\/2026\/01\/10.jpeg","type":"image\/jpeg"}],"twitter_card":"summary_large_image","twitter_misc":{"Est. reading time":"1 minuto"},"schema":{"@context":"https:\/\/schema.org","@graph":[{"@type":"WebPage","@id":"https:\/\/mellizos-sport.com\/producto\/spikepro-cuerda-de-entrenamiento-tecnico-para-voleibol\/","url":"https:\/\/mellizos-sport.com\/producto\/spikepro-cuerda-de-entrenamiento-tecnico-para-voleibol\/","name":"SpikePro: Cuerda de Entrenamiento T\u00e9cnico para Voleibol - Mellizos Sport","isPartOf":{"@id":"https:\/\/mellizos-sport.com\/#website"},"primaryImageOfPage":{"@id":"https:\/\/mellizos-sport.com\/producto\/spikepro-cuerda-de-entrenamiento-tecnico-para-voleibol\/#primaryimage"},"image":{"@id":"https:\/\/mellizos-sport.com\/producto\/spikepro-cuerda-de-entrenamiento-tecnico-para-voleibol\/#primaryimage"},"thumbnailUrl":"https:\/\/mellizos-sport.com\/wp-content\/uploads\/2026\/01\/10.jpeg","datePublished":"2026-01-30T21:59:13+00:00","dateModified":"2026-01-30T21:59:15+00:00","breadcrumb":{"@id":"https:\/\/mellizos-sport.com\/producto\/spikepro-cuerda-de-entrenamiento-tecnico-para-voleibol\/#breadcrumb"},"inLanguage":"es-PE","potentialAction":[{"@type":"ReadAction","target":["https:\/\/mellizos-sport.com\/producto\/spikepro-cuerda-de-entrenamiento-tecnico-para-voleibol\/"]}]},{"@type":"ImageObject","inLanguage":"es-PE","@id":"https:\/\/mellizos-sport.com\/producto\/spikepro-cuerda-de-entrenamiento-tecnico-para-voleibol\/#primaryimage","url":"https:\/\/mellizos-sport.com\/wp-content\/uploads\/2026\/01\/10.jpeg","contentUrl":"https:\/\/mellizos-sport.com\/wp-content\/uploads\/2026\/01\/10.jpeg","width":554,"height":554},{"@type":"BreadcrumbList","@id":"https:\/\/mellizos-sport.com\/producto\/spikepro-cuerda-de-entrenamiento-tecnico-para-voleibol\/#breadcrumb","itemListElement":[{"@type":"ListItem","position":1,"name":"Home","item":"https:\/\/mellizos-sport.com\/"},{"@type":"ListItem","position":2,"name":"Tienda","item":"https:\/\/mellizos-sport.com\/tienda\/"},{"@type":"ListItem","position":3,"name":"SpikePro: Cuerda de Entrenamiento T\u00e9cnico para Voleibol"}]},{"@type":"WebSite","@id":"https:\/\/mellizos-sport.com\/#website","url":"https:\/\/mellizos-sport.com\/","name":"Mellizos Sport","description":"","publisher":{"@id":"https:\/\/mellizos-sport.com\/#organization"},"potentialAction":[{"@type":"SearchAction","target":{"@type":"EntryPoint","urlTemplate":"https:\/\/mellizos-sport.com\/?s={search_term_string}"},"query-input":{"@type":"PropertyValueSpecification","valueRequired":true,"valueName":"search_term_string"}}],"inLanguage":"es-PE"},{"@type":"Organization","@id":"https:\/\/mellizos-sport.com\/#organization","name":"Mellizos Sport","url":"https:\/\/mellizos-sport.com\/","logo":{"@type":"ImageObject","inLanguage":"es-PE","@id":"https:\/\/mellizos-sport.com\/#\/schema\/logo\/image\/","url":"https:\/\/mellizos-sport.com\/wp-content\/uploads\/2020\/06\/logo-melleizos-sport.png","contentUrl":"https:\/\/mellizos-sport.com\/wp-content\/uploads\/2020\/06\/logo-melleizos-sport.png","width":450,"height":340,"caption":"Mellizos Sport"},"image":{"@id":"https:\/\/mellizos-sport.com\/#\/schema\/logo\/image\/"}}]}},"_links":{"self":[{"href":"https:\/\/mellizos-sport.com\/es\/wp-json\/wp\/v2\/product\/9812","targetHints":{"allow":["GET"]}}],"collection":[{"href":"https:\/\/mellizos-sport.com\/es\/wp-json\/wp\/v2\/product"}],"about":[{"href":"https:\/\/mellizos-sport.com\/es\/wp-json\/wp\/v2\/types\/product"}],"replies":[{"embeddable":true,"href":"https:\/\/mellizos-sport.com\/es\/wp-json\/wp\/v2\/comments?post=9812"}],"wp:featuredmedia":[{"embeddable":true,"href":"https:\/\/mellizos-sport.com\/es\/wp-json\/wp\/v2\/media\/9796"}],"wp:attachment":[{"href":"https:\/\/mellizos-sport.com\/es\/wp-json\/wp\/v2\/media?parent=9812"}],"wp:term":[{"taxonomy":"product_cat","embeddable":true,"href":"https:\/\/mellizos-sport.com\/es\/wp-json\/wp\/v2\/product_cat?post=9812"},{"taxonomy":"product_tag","embeddable":true,"href":"https:\/\/mellizos-sport.com\/es\/wp-json\/wp\/v2\/product_tag?post=9812"}],"curies":[{"name":"wp","href":"https:\/\/api.w.org\/{rel}","templated":true}]}}